{"id":2,"date":"2016-05-10T03:48:21","date_gmt":"2016-05-10T03:48:21","guid":{"rendered":"http:\/\/koepenickerbruecken.de\/?page_id=2"},"modified":"2018-06-07T17:35:18","modified_gmt":"2018-06-07T17:35:18","slug":"sample-page","status":"publish","type":"page","link":"https:\/\/koepenickerbruecken.de\/","title":{"rendered":"Willkommen"},"content":{"rendered":"<p class=\"paragraph_style\">Am 22.02.2012 wurde der K\u00f6penicker Br\u00fccken e.V. gegr\u00fcndet. Das Vereinsziel besteht in der Wiederherstellung der urspr\u00fcnglichen Fassade des\u00a0<a href=\"http:\/\/www.avh-schule.de\" target=\"_blank\" rel=\"noopener\">Alexander-von-Humboldt-Gymnasiums<\/a>.<\/p>\n<p class=\"paragraph_style\">Der Verein f\u00f6rdert Aktivit\u00e4ten, die dem denkmalgesch\u00fctzten Geb\u00e4ude dienen.<\/p>\n<p class=\"paragraph_style\">Durch \u00d6ffentlichkeitsarbeit soll der Wert der verloren gegangenen Fassade f\u00fcr die Schule und K\u00f6penick in das Bewusstsein der B\u00fcrgerinnen und B\u00fcrger zur\u00fcckgebracht werden. Durch Sammeln von Spenden soll die denkmalgerechte Wiederherstellung der Fassade mit Tontafeln realisiert werden.<\/p>\n<p>&nbsp;<\/p>\n<p><img decoding=\"async\" class=\"image-0\" title=\"\" src=\"https:\/\/www.xn--brger-fr-denkmale-22bg.de\/images\/Logo_SDB_taubenblau.jpg\" alt=\"\" \/><\/p>\n<p>Ein Ergebnis der \u00d6ffentlichkeitsarbeit ist die Aufnahme des Vorhabens in die Projektliste der Stiftung Denkmalschutz Berlin als Initiative &#8222;B\u00fcrger f\u00fcr Denkmale&#8220;.<\/p>\n<p><a href=\"https:\/\/www.b\u00fcrger-f\u00fcr-denkmale.de\/a.-v.-humboldt-gymnasium.html\">B\u00fcrger f\u00fcr Denkmale<\/a><\/p>\n<p>&nbsp;<\/p>\n","protected":false},"excerpt":{"rendered":"<p>Am 22.02.2012 wurde der K\u00f6penicker Br\u00fccken e.V. gegr\u00fcndet. Das Vereinsziel besteht in der Wiederherstellung der urspr\u00fcnglichen Fassade des\u00a0Alexander-von-Humboldt-Gymnasiums. Der Verein f\u00f6rdert Aktivit\u00e4ten, die dem denkmalgesch\u00fctzten Geb\u00e4ude dienen. Durch \u00d6ffentlichkeitsarbeit soll der Wert der verloren gegangenen Fassade f\u00fcr die Schule und K\u00f6penick in das Bewusstsein der B\u00fcrgerinnen und B\u00fcrger zur\u00fcckgebracht werden. Durch Sammeln von Spenden soll &hellip; <a href=\"https:\/\/koepenickerbruecken.de\/\" class=\"more-link\"><span class=\"screen-reader-text\">Willkommen<\/span> weiterlesen<\/a><\/p>\n","protected":false},"author":1,"featured_media":7,"parent":0,"menu_order":0,"comment_status":"closed","ping_status":"open","template":"","meta":{"jetpack_post_was_ever_published":false,"footnotes":""},"class_list":["post-2","page","type-page","status-publish","has-post-thumbnail","hentry"],"jetpack_sharing_enabled":false,"jetpack_shortlink":"https:\/\/wp.me\/P7r36x-2","_links":{"self":[{"href":"https:\/\/koepenickerbruecken.de\/index.php?rest_route=\/wp\/v2\/pages\/2"}],"collection":[{"href":"https:\/\/koepenickerbruecken.de\/index.php?rest_route=\/wp\/v2\/pages"}],"about":[{"href":"https:\/\/koepenickerbruecken.de\/index.php?rest_route=\/wp\/v2\/types\/page"}],"author":[{"embeddable":true,"href":"https:\/\/koepenickerbruecken.de\/index.php?rest_route=\/wp\/v2\/users\/1"}],"replies":[{"embeddable":true,"href":"https:\/\/koepenickerbruecken.de\/index.php?rest_route=%2Fwp%2Fv2%2Fcomments&post=2"}],"version-history":[{"count":7,"href":"https:\/\/koepenickerbruecken.de\/index.php?rest_route=\/wp\/v2\/pages\/2\/revisions"}],"predecessor-version":[{"id":124,"href":"https:\/\/koepenickerbruecken.de\/index.php?rest_route=\/wp\/v2\/pages\/2\/revisions\/124"}],"wp:featuredmedia":[{"embeddable":true,"href":"https:\/\/koepenickerbruecken.de\/index.php?rest_route=\/wp\/v2\/media\/7"}],"wp:attachment":[{"href":"https:\/\/koepenickerbruecken.de\/index.php?rest_route=%2Fwp%2Fv2%2Fmedia&parent=2"}],"curies":[{"name":"wp","href":"https:\/\/api.w.org\/{rel}","templated":true}]}}