{"id":18,"date":"2017-10-13T12:19:51","date_gmt":"2017-10-13T12:19:51","guid":{"rendered":"http:\/\/koepenickerbruecken.de\/?page_id=18"},"modified":"2018-06-07T17:39:33","modified_gmt":"2018-06-07T17:39:33","slug":"impressum","status":"publish","type":"page","link":"https:\/\/koepenickerbruecken.de\/?page_id=18","title":{"rendered":"Impressum"},"content":{"rendered":"<p>koepenickerbruecken.de ist das Internet-Angebot des K\u00f6penicker Br\u00fccken e.V.<\/p>\n<p><strong>Gesch\u00e4ftsstelle:<\/strong> K\u00f6penick Br\u00fccken e.V.<\/p>\n<p>c\/o Alexander-von-Humboldt-Gymnasium;\u00a0Oberspreestr. 173 in 12555 Berlin<\/p>\n<p>Tel.: +49 (0)30 6519788<\/p>\n<p>E-Mail: kbev2012(at)web.de Web: www.koepenickerbruecken.de<\/p>\n<p>Vereinsregister 31637 Berlin , Amtsgericht Berlin (Charlottenburg)<\/p>\n<p><strong>Vorstand:<\/strong><\/p>\n<p>1. Vorsitzender &#8211; Wolfgang v. Schwedler<\/p>\n<p>2. Vorsitzender &#8211; Roland Jacobl<\/p>\n<p>Kassenwart &#8211; Peter Fischer<\/p>\n<p>Inhaltlich Verantwortlicher gem\u00e4\u00df \u00a7 55 Abs. 2 RStV: Wolfgang von Schwedler<\/p>\n<p>Datenschutz: siehe Men\u00fcpunkt <a href=\"http:\/\/koepenickerbruecken.de\/?page_id=159\"><strong>Datenschutzerkl\u00e4rung<\/strong><\/a><\/p>\n<p>Haftungshinweis: Trotz sorgf\u00e4ltiger inhaltlicher Kontrolle \u00fcbernehmen wir keine Haftung f\u00fcr die Inhalte externer Links. F\u00fcr den Inhalt der verlinkten Seiten sind ausschlie\u00dflich deren Betreiber verantwortlich.<\/p>\n","protected":false},"excerpt":{"rendered":"<p>koepenickerbruecken.de ist das Internet-Angebot des K\u00f6penicker Br\u00fccken e.V. Gesch\u00e4ftsstelle: K\u00f6penick Br\u00fccken e.V. c\/o Alexander-von-Humboldt-Gymnasium;\u00a0Oberspreestr. 173 in 12555 Berlin Tel.: +49 (0)30 6519788 E-Mail: kbev2012(at)web.de Web: www.koepenickerbruecken.de Vereinsregister 31637 Berlin , Amtsgericht Berlin (Charlottenburg) Vorstand: 1. Vorsitzender &#8211; Wolfgang v. Schwedler 2. Vorsitzender &#8211; Roland Jacobl Kassenwart &#8211; Peter Fischer Inhaltlich Verantwortlicher gem\u00e4\u00df \u00a7 55 Abs. &hellip; <a href=\"https:\/\/koepenickerbruecken.de\/?page_id=18\" class=\"more-link\"><span class=\"screen-reader-text\">Impressum<\/span> weiterlesen<\/a><\/p>\n","protected":false},"author":1,"featured_media":52,"parent":0,"menu_order":0,"comment_status":"closed","ping_status":"closed","template":"","meta":{"jetpack_post_was_ever_published":false,"footnotes":""},"class_list":["post-18","page","type-page","status-publish","has-post-thumbnail","hentry"],"jetpack_sharing_enabled":false,"jetpack_shortlink":"https:\/\/wp.me\/P7r36x-i","_links":{"self":[{"href":"https:\/\/koepenickerbruecken.de\/index.php?rest_route=\/wp\/v2\/pages\/18"}],"collection":[{"href":"https:\/\/koepenickerbruecken.de\/index.php?rest_route=\/wp\/v2\/pages"}],"about":[{"href":"https:\/\/koepenickerbruecken.de\/index.php?rest_route=\/wp\/v2\/types\/page"}],"author":[{"embeddable":true,"href":"https:\/\/koepenickerbruecken.de\/index.php?rest_route=\/wp\/v2\/users\/1"}],"replies":[{"embeddable":true,"href":"https:\/\/koepenickerbruecken.de\/index.php?rest_route=%2Fwp%2Fv2%2Fcomments&post=18"}],"version-history":[{"count":5,"href":"https:\/\/koepenickerbruecken.de\/index.php?rest_route=\/wp\/v2\/pages\/18\/revisions"}],"predecessor-version":[{"id":169,"href":"https:\/\/koepenickerbruecken.de\/index.php?rest_route=\/wp\/v2\/pages\/18\/revisions\/169"}],"wp:featuredmedia":[{"embeddable":true,"href":"https:\/\/koepenickerbruecken.de\/index.php?rest_route=\/wp\/v2\/media\/52"}],"wp:attachment":[{"href":"https:\/\/koepenickerbruecken.de\/index.php?rest_route=%2Fwp%2Fv2%2Fmedia&parent=18"}],"curies":[{"name":"wp","href":"https:\/\/api.w.org\/{rel}","templated":true}]}}