{"id":33,"date":"2017-10-13T14:16:29","date_gmt":"2017-10-13T14:16:29","guid":{"rendered":"http:\/\/koepenickerbruecken.de\/?page_id=33"},"modified":"2023-03-21T10:27:53","modified_gmt":"2023-03-21T09:27:53","slug":"morgen-3","status":"publish","type":"page","link":"http:\/\/koepenickerbruecken.de\/?page_id=33","title":{"rendered":"Stand der Dinge"},"content":{"rendered":"\n<p><strong>Spendenstand:<\/strong> 8836,71,73 Euro (21.03.2023)<\/p>\n\n\n\n<p><strong>Eingeworbene Drittmittel:<\/strong> 800.000,00 Euro (17.02.2022)<\/p>\n\n\n<div class=\"non-ie lang-de\">\n<p>Das Bild zeigt eine&nbsp;Computersimulation des Geb\u00e4udes auf der Grundlage eines s\/w-Fotos, da dem Verein trotz intensiver Recherche keine farbige Aufnahme der urspr\u00fcnglichen Fassade bis jetzt auffinden&nbsp;konnte.<\/p>\n<p>Weiterhin besteht die Arbeit des Vereins in der Ver\u00f6ffentlichung des Projektes sowie&nbsp;Werbung f\u00fcr das Vorhaben bei Vereinen und Stiftungen die gleiche bzw. \u00e4hnliche Ziele verfolgen. Auch die Sch\u00fclerinnen und Sch\u00fcler, die jetzt diese Schule besuchen, setzen sich mit dem Baudenkmal auseinander und haben auf der Grundlage von Grundrissen die Geb\u00e4udema\u00dfe digitalisiert und mittels 3-D-Drucker ein Modell gedruckt.<\/p>\n<p><img loading=\"lazy\" decoding=\"async\" class=\"alignnone size-medium wp-image-122\" src=\"http:\/\/koepenickerbruecken.de\/wp-content\/uploads\/2018\/02\/AvH-3D-Modell-300x225.jpg\" alt=\"\" width=\"300\" height=\"225\" srcset=\"http:\/\/koepenickerbruecken.de\/wp-content\/uploads\/2018\/02\/AvH-3D-Modell-300x225.jpg 300w, http:\/\/koepenickerbruecken.de\/wp-content\/uploads\/2018\/02\/AvH-3D-Modell.jpg 640w\" sizes=\"(max-width: 300px) 100vw, 300px\" \/><\/p>\n<p>Im Weiteren finden Sie das Projekt &#8222;Denkmalgerechte Fassadenwiederherstellung&#8220; im Spiegel der Presse:<\/p>\n<p><strong>10.11.2016 &#8211; Mitteilung f\u00fcr die Presse&nbsp;&nbsp;&nbsp;&nbsp;&nbsp;&nbsp;&nbsp;&nbsp;&nbsp;&nbsp;&nbsp;&nbsp;&nbsp;&nbsp;&nbsp;&nbsp;&nbsp;&nbsp;&nbsp;&nbsp;&nbsp;&nbsp;&nbsp;&nbsp;&nbsp;&nbsp;&nbsp;&nbsp;&nbsp;&nbsp;&nbsp;&nbsp;&nbsp;&nbsp;&nbsp;&nbsp;&nbsp;&nbsp;&nbsp;&nbsp;&nbsp;&nbsp;&nbsp;&nbsp;&nbsp;&nbsp;&nbsp;&nbsp; <\/strong><\/p>\n<p><strong>Fassadensanierung der Alexander-von-Humboldt-Schule r\u00fcckt in greifbare N\u00e4he.<\/strong><\/p>\n<p><strong>Der Treptow-K\u00f6penicker Bundestagsabgeordnete Matthias Schmidt (SPD) konnte Mittel aus dem Denkmalschutzsonderprogramm des Bundes gewinnen.<\/strong><\/p>\n<p>Das ehemalige Dorotheen-Lyzeum aus den Jahren 1928\/29 gilt als eines der Hauptwerke des Architekten Max Taut. Das Geb\u00e4ude wurde 1973 lediglich verputzt und bedarf dringend einer Fassadensanierung. Urspr\u00fcnglich zierten helle Siegersdorfer Tonplatten das Bauwerk und gaben ihm seinen charakteristischen gelben Anblick. Mit Bundesmitteln in H\u00f6he von zun\u00e4chst 400.000 Euro f\u00fcr die denkmalgerechte Restaurierung wird das stadtbildpr\u00e4gende Bauwerk wieder in Tautschem Sinne erstrahlen. Dazu sagt Matthias Schmidt:<\/p>\n<p>\u201eSeit vielen Jahren engagieren sich die Menschen an der Alexander-von-Humboldt-Schule daf\u00fcr, dass das Werk Max Tauts wieder sichtbarer gemacht wird. Ich freue mich au\u00dferordentlich dar\u00fcber, dass ich einen Beitrag dazu leisten konnte, diesen Wunsch zu verwirklichen. Es gilt nun Gespr\u00e4che mit Land und Bezirk zu f\u00fchren, um die erforderliche Kofinanzierung von 400.000 Euro ebenfalls bereit zu stellen. Im kommenden Jahr sollen dann weitere 350.000\u20ac aus Bundesmitteln f\u00fcr die Verklinkerung der Humboldt-Schule zur Verf\u00fcgung gestellt werden. Ich freue mich schon darauf, unsere Alexander-von-Humboldt-Schule wieder in alter Sch\u00f6nheit an der Oberspreestra\u00dfe strahlen zu sehen.\u201c<\/p>\n<hr>\n<p><strong>02.03.2017 &#8211; Beschluss der BVV Treptow-K\u00f6penick<\/strong><\/p>\n<p>Dem Bezirksamt wird empfohlen, sich bez\u00fcglich der Gesamtfinanzierung der Rekonstruktion der urspr\u00fcnglichen keramischen Fassadenverkleidung am Alexander-von-Humboldt- Gymnasium bei den zust\u00e4ndigen Stellen des Senats daf\u00fcr einzusetzen, dass die entsprechenden Finanzmittel zur Verf\u00fcgung gestellt werden und die Deckung der Finanzierungskosten f\u00fcr die Sanierungsma\u00dfnahmen auch gew\u00e4hrleistet ist.<br>Gleichzeitig m\u00f6ge das Bezirksamt kl\u00e4ren, welchen Eigenanteil der F\u00f6rderverein der Schule erbringen kann. Auch soll der Verein K\u00f6penicker Br\u00fccken e. V. bei seinen Bem\u00fchungen, Drittmittel zu akquirieren, unterst\u00fctzt werden.<br>Abstimmungsergebnis: daf\u00fcr: einstimmig.<\/p>\n<hr>\n<p><strong>13.02.2018<\/strong> &#8211; Beitrag in der Berliner Morgenpost von Sabine Flatau<\/p>\n<p class=\"article__header__headline\"><strong>Planung f\u00fcr historische Schulfassade beginnt<\/strong><\/p>\n<p><span class=\"article__location\">K\u00f6penick.<\/span>&nbsp;Das Alexander-von-Humboldt-Gymnasium an der Oberspreestra\u00dfe soll wieder eine Fassade mit Keramikfliesen bekommen. Das Bezirksamt bereite das Vorhaben vor, teilte B\u00fcrgermeister Oliver Igel (SPD) mit. Es sei mit den Denkmalbeh\u00f6rden abgestimmt. Die Planung werde bis M\u00e4rz 2018 beginnen. F\u00fcr die Finanzierung sollen F\u00f6rdermittel und Spenden akquiriert werden. Die Kosten werden auf 1,5 Millionen Euro gesch\u00e4tzt.<\/p>\n<p><strong>November 2018<\/strong><\/p>\n<p><strong>Der Denkmalpflegeplan ist erstellt<\/strong><\/p>\n<p>Das Architekturb\u00fcro Holland und Partner hat den Denkmalpflegeplan erarbeitet und u.a. dem Bezirksdenkmalrat von Treptow-K\u00f6penick pr\u00e4sentiert.<\/p>\n<p><strong>Pr\u00e4sentation einer Machbarkeitsstudie<\/strong><\/p>\n<p>Das Architektur- und Generalplaner-B\u00fcro Krekeler stellt im Rathaus erste Ergebnisse ihrer Machbarkeitsstudie im Rathaus im Beisein u.a. von Vertretern der Unteren Denkmalbeh\u00f6rde vor. Die Untersuchung bezieht sich auf die Bereiche Fassade, Brandschutz und Barrierefreiheit.<\/p>\n<\/div>\n\n\n<p><strong>Sanierung Alexander-von-Humboldt-Gymnasium<\/strong><\/p>\n\n\n\n<p>Investitionsbedarf Liegenschaft&nbsp;<strong>(ohne Fassadenkeramiken)<\/strong><\/p>\n\n\n\n<p>Dringender Sanierungsbedarf besteht unter anderem an den Fenstern, T\u00fcren und den Bauwerksabdichtungen. Dar\u00fcber hinaus wurden von einem externen Gutachter sicherheitsrelevante Brandschutzm\u00e4ngel aufgezeigt.&nbsp;<\/p>\n\n\n\n<p>Die&nbsp;Investitionskosten (ohne Fassadenkeramiken) werden gegenwertig auf 6,671 Mio. \u20ac gesch\u00e4tzt.<\/p>\n\n\n\n<p>Die Kosten wurden in der Investitionsanmeldung mit folgenden Bauraten ber\u00fccksichtigt:<\/p>\n\n\n\n<p>2020: 800.000 \u20ac<\/p>\n\n\n\n<p>2021: 2.0 Mio. \u20ac<\/p>\n\n\n\n<p>2022: 2.0 Mio. \u20ac<\/p>\n\n\n\n<p>2023: 1.848 Mio. \u20ac<\/p>\n\n\n\n<p>2024: 23.000 \u20ac<\/p>\n\n\n\n<p>Investitionsbedarf Wiederherstellung Fassadenkeramiken<\/p>\n\n\n\n<p>Gem\u00e4\u00df Kostensch\u00e4tzung wurde f\u00fcr die&nbsp;Fassadenrekonstruktion&nbsp;(ohne Fenster und T\u00fcren) ein Investitionsbedarf in H\u00f6he von 8.309.268,75 \u20ac (KGR 200-700) ermittelt. Neben der Fassadenkeramiken wurden in der KS alle angrenzenden Sanierungsarbeiten ber\u00fccksichtigt.<\/p>\n\n\n\n<p>F\u00fcr das Vorhaben ist die Gesamtfinanzierung nicht sichergestellt.<\/p>\n\n\n\n<p>Infolge dessen hat das Planungsb\u00fcro unterschiedliche Ausf\u00fchrungsvarianten (Anlage 1)&nbsp;erarbeitet.<\/p>\n\n\n\n<p>FB Hoch spricht sich \u2013 vorbehaltlich der noch erforderlichen Abstimmungen mit den Denkmalschutzbeh\u00f6rden \u2013 f\u00fcr die Umsetzung der Minimalvariante V4 aus. Die ur-spr\u00fcnglichen Fassadenkeramiken w\u00fcrden lediglich an der Fassade des Ein-gangsbereichs rekonstruiert. Die verbleibenden Fassadenputzfl\u00e4chen blieben erhalten,&nbsp;w\u00fcrden jedoch instandgesetzt und einen neuen Farbanstrich erhalten.<\/p>\n\n\n\n<p><strong>Kosten: Fassadenkeramiken im Eingangsbereich: 2,914 Mio. \u20ac (hierin enthalten ist die Instandsetzung aller Fassadenputzfl\u00e4chen, Fensterleibungen etc.).<\/strong><\/p>\n\n\n\n<p>Die Bauplanungsunterlage k\u00f6nnte im III Quartal 2019 vorliegen, mit der Bauausf\u00fchrung k\u00f6nnte im III Quartal 2020 begonnen werden.<\/p>\n\n\n\n<p>Parallel zur Bauvorbereitung der Fassadensanierung wird der Bezirk die Planungsleistungen f\u00fcr die Innenraumsanierung \u00fcber ein VGV-Verfahren ver\u00f6ffentlichen. Hierf\u00fcr k\u00f6nnten die Bauplanungsunterlagen bis Mitte 2020 erarbeitet werden. Mit der Umsetzung k\u00f6nnte im darauffolgenden Jahr (Mitte 2021) begonnen werden.<\/p>\n\n\n\n<p>Wir waren unserem Vereinsziel im Verlauf des Jahres 2019 sehr nahe gekommen. Es gab die Entscheidung, wenigstens die Rotunde am Eingang der Schule nebst Seitenfl\u00e4chen mit Keramikplatten zu versehen. Es fanden auch schon zwei Bemusternden statt, von denen eine sich noch im Schulgeb\u00e4ude befindet. Mit Beginn der Corona-Pandemie lag das Projekt beim Bauamt quasi \u201eauf Eis\u201c. Dramatischer im Sinne der Projektumsetzung wurde es aber Ende 2021. In einer Vorortbegehung mit dem Denkmalschutz wurde kurzer Hand entschieden, dass dieses Projekt nicht umsetzbar ist.<\/p>\n\n\n\n<p><strong>Denkmalgerechte Wiederherstellung der Keramikfassade r\u00fcckt in weite Ferne!<\/strong><\/p>\n\n\n\n<p>Februar 2022<\/p>\n\n\n\n<p>Zitat aus dem Schreiben des Schulamtes:<\/p>\n\n\n\n<p>\u201e<em>Zum Stand der Bauma\u00dfnahme erhalten Sie hier einen kurzen Sachstand.<\/em><\/p>\n\n\n\n<p><em>Sie sehen, dass die damalige Entscheidung des Denkmalschutzes, auf Fliesen zu verzichten, da diese in der heutigen Ausf\u00fchrung nicht der bauzeitlichen Optik entsprechen, zu einer Umplanung mit erheblichen zeitlichen Auswirkungen gef\u00fchrt hat. Das Planungsb\u00fcro ist ausgeschieden und die Ausschreibung muss &#8211; vor dem Hintergrund der vorl\u00e4ufigen Haushaltswirtschaft &#8211; erneuert werden.<\/em><\/p>\n\n\n\n<p><em>Ma\u00dfnahme: 3704 \/ 71403 Alexander-von-Humboldt-Gymnasium: Oberspreestra\u00dfe 173<\/em><\/p>\n\n\n\n<p><em>Aktueller Stand \/ Ver\u00e4nderungen:<\/em><\/p>\n\n\n\n<p><em>Am Alexander-von-Humboldt-Gymnasium sollten die urspr\u00fcnglichen Fassadenkeramiken wieder abgebildet werden. Nach intensiver Planung und Pr\u00fcfung wurde im Ergebnis festgestellt, dass das vorgegebene Planungsziel Teilrekonstruktion der Fassadenkeramiken &#8211; unter Ber\u00fccksichtigung der technischen M\u00f6glichkeiten und Erhaltung des Denkmalwertes-<strong>leider nicht umzusetzen ist<\/strong>. Im Ergebnis wurde von allen am Planungsprozess Beteiligten entschieden, dass eine Fassadenrekonstruktion nicht weiterverfolgt wird und stattdessen ein Fassadenputzsystem neues Planungsziel ist.\u201c<\/em><\/p>\n\n\n\n<p>Ein herber Schlag! <\/p>\n\n\n\n<p>Wir halten aber weiterhin an der Umsetzung unseres Vereinsziels fest und setzen u.a. auch auf eine personelle Ver\u00e4nderung bei den politischen Entscheidungstr\u00e4gern in der Zukunft.<\/p>\n\n\n\n<p>Wir haben in K\u00fcrze ein Architektur-Gro\u00dfmodell der Schule mit originaler Fassade im Ma\u00dfstab 1:33 zur Verf\u00fcgung, um die \u00d6ffentlichkeit wirkungsvoller von der beeindruckenden Wirkung der Ursprungsfassade in Kenntnis zu setzen und weiterhin um die Wiederherstellung der Fassade in den Medien sowie besonderen Anl\u00e4ssen zu werben.&nbsp;<\/p>\n\n\n\n<p><\/p>\n\n\n\n<figure class=\"wp-block-image size-large\"><img loading=\"lazy\" decoding=\"async\" width=\"1024\" height=\"786\" src=\"http:\/\/koepenickerbruecken.de\/wp-content\/uploads\/2023\/03\/Modell-AvH-1-33-Keramik-1024x786.jpg\" alt=\"\" class=\"wp-image-260\" srcset=\"http:\/\/koepenickerbruecken.de\/wp-content\/uploads\/2023\/03\/Modell-AvH-1-33-Keramik-1024x786.jpg 1024w, http:\/\/koepenickerbruecken.de\/wp-content\/uploads\/2023\/03\/Modell-AvH-1-33-Keramik-300x230.jpg 300w, http:\/\/koepenickerbruecken.de\/wp-content\/uploads\/2023\/03\/Modell-AvH-1-33-Keramik-768x589.jpg 768w, http:\/\/koepenickerbruecken.de\/wp-content\/uploads\/2023\/03\/Modell-AvH-1-33-Keramik-1536x1179.jpg 1536w, http:\/\/koepenickerbruecken.de\/wp-content\/uploads\/2023\/03\/Modell-AvH-1-33-Keramik.jpg 1552w\" sizes=\"(max-width: 1024px) 100vw, 1024px\" \/><figcaption class=\"wp-element-caption\">Sand Februar 2023<\/figcaption><\/figure>\n\n\n\n<p>Im 2. Quartal plant unser Verein nicht nur alle Spender sondern auch Interessiertezur Einweihung des Gro\u00dfmodells in die Alexander von Humboldt-Schule einzuladen. Hier m\u00f6chten wir dann auch insbesondere mit Spendern zum weiteren Vorgehen ins Gespr\u00e4ch kommen.<\/p>\n\n\n\n<p><\/p>\n","protected":false},"excerpt":{"rendered":"<p>Spendenstand: 8836,71,73 Euro (21.03.2023) Eingeworbene Drittmittel: 800.000,00 Euro (17.02.2022) Das Bild zeigt eine&nbsp;Computersimulation des Geb\u00e4udes auf der Grundlage eines s\/w-Fotos, da dem Verein trotz intensiver Recherche keine farbige Aufnahme der urspr\u00fcnglichen Fassade bis jetzt auffinden&nbsp;konnte. Weiterhin besteht die Arbeit des Vereins in der Ver\u00f6ffentlichung des Projektes sowie&nbsp;Werbung f\u00fcr das Vorhaben bei Vereinen und Stiftungen die &hellip; <a href=\"http:\/\/koepenickerbruecken.de\/?page_id=33\" class=\"more-link\"><span class=\"screen-reader-text\">Stand der Dinge<\/span> weiterlesen<\/a><\/p>\n","protected":false},"author":1,"featured_media":104,"parent":0,"menu_order":0,"comment_status":"closed","ping_status":"closed","template":"","meta":{"jetpack_post_was_ever_published":false,"footnotes":""},"class_list":["post-33","page","type-page","status-publish","has-post-thumbnail","hentry"],"jetpack_sharing_enabled":false,"jetpack_shortlink":"https:\/\/wp.me\/P7r36x-x","_links":{"self":[{"href":"http:\/\/koepenickerbruecken.de\/index.php?rest_route=\/wp\/v2\/pages\/33"}],"collection":[{"href":"http:\/\/koepenickerbruecken.de\/index.php?rest_route=\/wp\/v2\/pages"}],"about":[{"href":"http:\/\/koepenickerbruecken.de\/index.php?rest_route=\/wp\/v2\/types\/page"}],"author":[{"embeddable":true,"href":"http:\/\/koepenickerbruecken.de\/index.php?rest_route=\/wp\/v2\/users\/1"}],"replies":[{"embeddable":true,"href":"http:\/\/koepenickerbruecken.de\/index.php?rest_route=%2Fwp%2Fv2%2Fcomments&post=33"}],"version-history":[{"count":15,"href":"http:\/\/koepenickerbruecken.de\/index.php?rest_route=\/wp\/v2\/pages\/33\/revisions"}],"predecessor-version":[{"id":263,"href":"http:\/\/koepenickerbruecken.de\/index.php?rest_route=\/wp\/v2\/pages\/33\/revisions\/263"}],"wp:featuredmedia":[{"embeddable":true,"href":"http:\/\/koepenickerbruecken.de\/index.php?rest_route=\/wp\/v2\/media\/104"}],"wp:attachment":[{"href":"http:\/\/koepenickerbruecken.de\/index.php?rest_route=%2Fwp%2Fv2%2Fmedia&parent=33"}],"curies":[{"name":"wp","href":"https:\/\/api.w.org\/{rel}","templated":true}]}}