{"id":25,"date":"2017-10-13T12:22:24","date_gmt":"2017-10-13T12:22:24","guid":{"rendered":"http:\/\/koepenickerbruecken.de\/?page_id=25"},"modified":"2018-06-07T17:31:19","modified_gmt":"2018-06-07T17:31:19","slug":"heute","status":"publish","type":"page","link":"http:\/\/koepenickerbruecken.de\/?page_id=25","title":{"rendered":"Heute"},"content":{"rendered":"<p>Das Bild zeigt das <a href=\"http:\/\/www.avh-schule.de\/\"><strong>Alexanders-von-Humboldt-Gymnasium<\/strong><\/a> im Jahr 2010.<\/p>\n<p>Im \u00dcbergang von der Rotunde zum Hauptgeb\u00e4ude in der 3. Etage l\u00f6sten sich Ende der 60-er Jahre des vergangenen Jahrhunderts einige Keramikplatten und st\u00fcrzten auf den Gehweg. Weitere Untersuchungen ergaben dann, dass sich gro\u00dffl\u00e4chige Abschnitte der Fassade vom Mauerwerk gel\u00f6st hatten und so wurden Anfang der 70-er Jahre nahezu alle Tontafeln am gesamten Geb\u00e4ude entfernt und durch unversiegelten Rauputz ersetzt. Dies war als \u00dcbergangsl\u00f6sung gedacht.<\/p>\n<p>Unser Verein hat durch intensive Recherche u.a. im Bauaktenarchiv den gesamten Vorgang aufgearbeitet und in der Brosch\u00fcre &#8222;Geschichte und Geschichten einer Schulfassade&#8220; niedergeschrieben. Die Brosch\u00fcre kann beim Vorstand erworben werden.<\/p>\n<p><img loading=\"lazy\" decoding=\"async\" class=\"alignnone size-medium wp-image-131\" src=\"http:\/\/koepenickerbruecken.de\/wp-content\/uploads\/2018\/02\/Broschuere-236x300.png\" alt=\"\" width=\"236\" height=\"300\" srcset=\"http:\/\/koepenickerbruecken.de\/wp-content\/uploads\/2018\/02\/Broschuere-236x300.png 236w, http:\/\/koepenickerbruecken.de\/wp-content\/uploads\/2018\/02\/Broschuere.png 496w\" sizes=\"(max-width: 236px) 100vw, 236px\" \/><\/p>\n","protected":false},"excerpt":{"rendered":"<p>Das Bild zeigt das Alexanders-von-Humboldt-Gymnasium im Jahr 2010. Im \u00dcbergang von der Rotunde zum Hauptgeb\u00e4ude in der 3. Etage l\u00f6sten sich Ende der 60-er Jahre des vergangenen Jahrhunderts einige Keramikplatten und st\u00fcrzten auf den Gehweg. Weitere Untersuchungen ergaben dann, dass sich gro\u00dffl\u00e4chige Abschnitte der Fassade vom Mauerwerk gel\u00f6st hatten und so wurden Anfang der 70-er &hellip; <a href=\"http:\/\/koepenickerbruecken.de\/?page_id=25\" class=\"more-link\"><span class=\"screen-reader-text\">Heute<\/span> weiterlesen<\/a><\/p>\n","protected":false},"author":1,"featured_media":42,"parent":0,"menu_order":0,"comment_status":"closed","ping_status":"closed","template":"","meta":{"jetpack_post_was_ever_published":false,"footnotes":""},"class_list":["post-25","page","type-page","status-publish","has-post-thumbnail","hentry"],"jetpack_sharing_enabled":false,"jetpack_shortlink":"https:\/\/wp.me\/P7r36x-p","_links":{"self":[{"href":"http:\/\/koepenickerbruecken.de\/index.php?rest_route=\/wp\/v2\/pages\/25"}],"collection":[{"href":"http:\/\/koepenickerbruecken.de\/index.php?rest_route=\/wp\/v2\/pages"}],"about":[{"href":"http:\/\/koepenickerbruecken.de\/index.php?rest_route=\/wp\/v2\/types\/page"}],"author":[{"embeddable":true,"href":"http:\/\/koepenickerbruecken.de\/index.php?rest_route=\/wp\/v2\/users\/1"}],"replies":[{"embeddable":true,"href":"http:\/\/koepenickerbruecken.de\/index.php?rest_route=%2Fwp%2Fv2%2Fcomments&post=25"}],"version-history":[{"count":5,"href":"http:\/\/koepenickerbruecken.de\/index.php?rest_route=\/wp\/v2\/pages\/25\/revisions"}],"predecessor-version":[{"id":132,"href":"http:\/\/koepenickerbruecken.de\/index.php?rest_route=\/wp\/v2\/pages\/25\/revisions\/132"}],"wp:featuredmedia":[{"embeddable":true,"href":"http:\/\/koepenickerbruecken.de\/index.php?rest_route=\/wp\/v2\/media\/42"}],"wp:attachment":[{"href":"http:\/\/koepenickerbruecken.de\/index.php?rest_route=%2Fwp%2Fv2%2Fmedia&parent=25"}],"curies":[{"name":"wp","href":"https:\/\/api.w.org\/{rel}","templated":true}]}}